{"id":322,"date":"2024-12-17T23:39:48","date_gmt":"2024-12-17T23:39:48","guid":{"rendered":"https:\/\/xn--frsteskridt-ggb.dk\/index.php\/front_page\/"},"modified":"2025-10-13T11:09:43","modified_gmt":"2025-10-13T11:09:43","slug":"front_page","status":"publish","type":"page","link":"https:\/\/xn--frsteskridt-ggb.dk\/","title":{"rendered":"Hjem"},"content":{"rendered":"\n\n\n\n\n\n\n\n\n\n","protected":false},"excerpt":{"rendered":"","protected":false},"author":1,"featured_media":0,"parent":0,"menu_order":0,"comment_status":"closed","ping_status":"closed","template":"","meta":{"saved_in_kubio":true,"footnotes":""},"class_list":["post-322","page","type-page","status-publish","hentry"],"kubio_ai_page_context":{"short_desc":"","purpose":"general"},"yoast_head":"<!-- This site is optimized with the Yoast SEO plugin v27.4 - https:\/\/yoast.com\/product\/yoast-seo-wordpress\/ -->\n<title>F&oslash;rste Skridt &#8212; Trygt og udviklende b\u00f8rne- og ungehjem i Guldborgsund<\/title>\n<meta name=\"description\" content=\"F\u00f8rste Skridt tilbyder et trygt og professionelt opholdssted for b\u00f8rn og unge i alderen 10 -17 \u00e5r efter Barnets Lov \u00a743. Vores tilgang er baseret p\u00e5 Low Arousal, relationsp\u00e6dagogik og helhedsorienteret st\u00f8tte.\" \/>\n<meta name=\"robots\" content=\"index, follow, max-snippet:-1, max-image-preview:large, max-video-preview:-1\" \/>\n<link rel=\"canonical\" href=\"https:\/\/xn--frsteskridt-ggb.dk\/\" \/>\n<meta property=\"og:locale\" content=\"da_DK\" \/>\n<meta property=\"og:type\" content=\"article\" \/>\n<meta property=\"og:title\" content=\"F&oslash;rste Skridt &#8212; Trygt og udviklende b\u00f8rne- og ungehjem i Guldborgsund\" \/>\n<meta property=\"og:description\" content=\"F\u00f8rste Skridt tilbyder et trygt og professionelt opholdssted for b\u00f8rn og unge i alderen 10 -17 \u00e5r efter Barnets Lov \u00a743. Vores tilgang er baseret p\u00e5 Low Arousal, relationsp\u00e6dagogik og helhedsorienteret st\u00f8tte.\" \/>\n<meta property=\"og:url\" content=\"https:\/\/xn--frsteskridt-ggb.dk\/\" \/>\n<meta property=\"og:site_name\" content=\"F&oslash;rste Skridt\" \/>\n<meta property=\"article:modified_time\" content=\"2025-10-13T11:09:43+00:00\" \/>\n<meta name=\"twitter:card\" content=\"summary_large_image\" \/>\n<meta name=\"twitter:label1\" content=\"Estimeret l\u00e6setid\" \/>\n\t<meta name=\"twitter:data1\" content=\"4 minutter\" \/>\n<script type=\"application\/ld+json\" class=\"yoast-schema-graph\">{\"@context\":\"https:\\\/\\\/schema.org\",\"@graph\":[{\"@type\":\"WebPage\",\"@id\":\"https:\\\/\\\/xn--frsteskridt-ggb.dk\\\/\",\"url\":\"https:\\\/\\\/xn--frsteskridt-ggb.dk\\\/\",\"name\":\"F&oslash;rste Skridt &#8212; Trygt og udviklende b\u00f8rne- og ungehjem i Guldborgsund\",\"isPartOf\":{\"@id\":\"https:\\\/\\\/xn--frsteskridt-ggb.dk\\\/#website\"},\"datePublished\":\"2024-12-17T23:39:48+00:00\",\"dateModified\":\"2025-10-13T11:09:43+00:00\",\"description\":\"F\u00f8rste Skridt tilbyder et trygt og professionelt opholdssted for b\u00f8rn og unge i alderen 10 -17 \u00e5r efter Barnets Lov \u00a743. Vores tilgang er baseret p\u00e5 Low Arousal, relationsp\u00e6dagogik og helhedsorienteret st\u00f8tte.\",\"breadcrumb\":{\"@id\":\"https:\\\/\\\/xn--frsteskridt-ggb.dk\\\/#breadcrumb\"},\"inLanguage\":\"da-DK\",\"potentialAction\":[{\"@type\":\"ReadAction\",\"target\":[\"https:\\\/\\\/xn--frsteskridt-ggb.dk\\\/\"]}]},{\"@type\":\"BreadcrumbList\",\"@id\":\"https:\\\/\\\/xn--frsteskridt-ggb.dk\\\/#breadcrumb\",\"itemListElement\":[{\"@type\":\"ListItem\",\"position\":1,\"name\":\"Hjem\",\"item\":\"https:\\\/\\\/xn--frsteskridt-ggb.dk\\\/\"},{\"@type\":\"ListItem\",\"position\":2,\"name\":\"Hjem\"}]},{\"@type\":\"WebSite\",\"@id\":\"https:\\\/\\\/xn--frsteskridt-ggb.dk\\\/#website\",\"url\":\"https:\\\/\\\/xn--frsteskridt-ggb.dk\\\/\",\"name\":\"F\u00f8rste Skridt\",\"description\":\"Et b&oslash;rne og ungehjem\",\"publisher\":{\"@id\":\"https:\\\/\\\/xn--frsteskridt-ggb.dk\\\/#organization\"},\"alternateName\":\"foersteskridt\",\"potentialAction\":[{\"@type\":\"SearchAction\",\"target\":{\"@type\":\"EntryPoint\",\"urlTemplate\":\"https:\\\/\\\/xn--frsteskridt-ggb.dk\\\/?s={search_term_string}\"},\"query-input\":{\"@type\":\"PropertyValueSpecification\",\"valueRequired\":true,\"valueName\":\"search_term_string\"}}],\"inLanguage\":\"da-DK\"},{\"@type\":\"Organization\",\"@id\":\"https:\\\/\\\/xn--frsteskridt-ggb.dk\\\/#organization\",\"name\":\"F\u00f8rste Skridt\",\"url\":\"https:\\\/\\\/xn--frsteskridt-ggb.dk\\\/\",\"logo\":{\"@type\":\"ImageObject\",\"inLanguage\":\"da-DK\",\"@id\":\"https:\\\/\\\/xn--frsteskridt-ggb.dk\\\/#\\\/schema\\\/logo\\\/image\\\/\",\"url\":\"https:\\\/\\\/xn--frsteskridt-ggb.dk\\\/wp-content\\\/uploads\\\/2025\\\/08\\\/forste_skridt_logo_circle_background_600.png\",\"contentUrl\":\"https:\\\/\\\/xn--frsteskridt-ggb.dk\\\/wp-content\\\/uploads\\\/2025\\\/08\\\/forste_skridt_logo_circle_background_600.png\",\"width\":600,\"height\":600,\"caption\":\"F\u00f8rste Skridt\"},\"image\":{\"@id\":\"https:\\\/\\\/xn--frsteskridt-ggb.dk\\\/#\\\/schema\\\/logo\\\/image\\\/\"},\"sameAs\":[\"https:\\\/\\\/www.linkedin.com\\\/in\\\/cem-saqi-16642b375?utm_source=share&utm_campaign=share_via&utm_content=profile&utm_medium=ios_app\"]}]}<\/script>\n<!-- \/ Yoast SEO plugin. -->","yoast_head_json":{"title":"F&oslash;rste Skridt &#8212; Trygt og udviklende b\u00f8rne- og ungehjem i Guldborgsund","description":"F\u00f8rste Skridt tilbyder et trygt og professionelt opholdssted for b\u00f8rn og unge i alderen 10 -17 \u00e5r efter Barnets Lov \u00a743. Vores tilgang er baseret p\u00e5 Low Arousal, relationsp\u00e6dagogik og helhedsorienteret st\u00f8tte.","robots":{"index":"index","follow":"follow","max-snippet":"max-snippet:-1","max-image-preview":"max-image-preview:large","max-video-preview":"max-video-preview:-1"},"canonical":"https:\/\/xn--frsteskridt-ggb.dk\/","og_locale":"da_DK","og_type":"article","og_title":"F&oslash;rste Skridt &#8212; Trygt og udviklende b\u00f8rne- og ungehjem i Guldborgsund","og_description":"F\u00f8rste Skridt tilbyder et trygt og professionelt opholdssted for b\u00f8rn og unge i alderen 10 -17 \u00e5r efter Barnets Lov \u00a743. Vores tilgang er baseret p\u00e5 Low Arousal, relationsp\u00e6dagogik og helhedsorienteret st\u00f8tte.","og_url":"https:\/\/xn--frsteskridt-ggb.dk\/","og_site_name":"F&oslash;rste Skridt","article_modified_time":"2025-10-13T11:09:43+00:00","twitter_card":"summary_large_image","twitter_misc":{"Estimeret l\u00e6setid":"4 minutter"},"schema":{"@context":"https:\/\/schema.org","@graph":[{"@type":"WebPage","@id":"https:\/\/xn--frsteskridt-ggb.dk\/","url":"https:\/\/xn--frsteskridt-ggb.dk\/","name":"F&oslash;rste Skridt &#8212; Trygt og udviklende b\u00f8rne- og ungehjem i Guldborgsund","isPartOf":{"@id":"https:\/\/xn--frsteskridt-ggb.dk\/#website"},"datePublished":"2024-12-17T23:39:48+00:00","dateModified":"2025-10-13T11:09:43+00:00","description":"F\u00f8rste Skridt tilbyder et trygt og professionelt opholdssted for b\u00f8rn og unge i alderen 10 -17 \u00e5r efter Barnets Lov \u00a743. Vores tilgang er baseret p\u00e5 Low Arousal, relationsp\u00e6dagogik og helhedsorienteret st\u00f8tte.","breadcrumb":{"@id":"https:\/\/xn--frsteskridt-ggb.dk\/#breadcrumb"},"inLanguage":"da-DK","potentialAction":[{"@type":"ReadAction","target":["https:\/\/xn--frsteskridt-ggb.dk\/"]}]},{"@type":"BreadcrumbList","@id":"https:\/\/xn--frsteskridt-ggb.dk\/#breadcrumb","itemListElement":[{"@type":"ListItem","position":1,"name":"Hjem","item":"https:\/\/xn--frsteskridt-ggb.dk\/"},{"@type":"ListItem","position":2,"name":"Hjem"}]},{"@type":"WebSite","@id":"https:\/\/xn--frsteskridt-ggb.dk\/#website","url":"https:\/\/xn--frsteskridt-ggb.dk\/","name":"F\u00f8rste Skridt","description":"Et b&oslash;rne og ungehjem","publisher":{"@id":"https:\/\/xn--frsteskridt-ggb.dk\/#organization"},"alternateName":"foersteskridt","potentialAction":[{"@type":"SearchAction","target":{"@type":"EntryPoint","urlTemplate":"https:\/\/xn--frsteskridt-ggb.dk\/?s={search_term_string}"},"query-input":{"@type":"PropertyValueSpecification","valueRequired":true,"valueName":"search_term_string"}}],"inLanguage":"da-DK"},{"@type":"Organization","@id":"https:\/\/xn--frsteskridt-ggb.dk\/#organization","name":"F\u00f8rste Skridt","url":"https:\/\/xn--frsteskridt-ggb.dk\/","logo":{"@type":"ImageObject","inLanguage":"da-DK","@id":"https:\/\/xn--frsteskridt-ggb.dk\/#\/schema\/logo\/image\/","url":"https:\/\/xn--frsteskridt-ggb.dk\/wp-content\/uploads\/2025\/08\/forste_skridt_logo_circle_background_600.png","contentUrl":"https:\/\/xn--frsteskridt-ggb.dk\/wp-content\/uploads\/2025\/08\/forste_skridt_logo_circle_background_600.png","width":600,"height":600,"caption":"F\u00f8rste Skridt"},"image":{"@id":"https:\/\/xn--frsteskridt-ggb.dk\/#\/schema\/logo\/image\/"},"sameAs":["https:\/\/www.linkedin.com\/in\/cem-saqi-16642b375?utm_source=share&utm_campaign=share_via&utm_content=profile&utm_medium=ios_app"]}]}},"_links":{"self":[{"href":"https:\/\/xn--frsteskridt-ggb.dk\/index.php\/wp-json\/wp\/v2\/pages\/322","targetHints":{"allow":["GET"]}}],"collection":[{"href":"https:\/\/xn--frsteskridt-ggb.dk\/index.php\/wp-json\/wp\/v2\/pages"}],"about":[{"href":"https:\/\/xn--frsteskridt-ggb.dk\/index.php\/wp-json\/wp\/v2\/types\/page"}],"author":[{"embeddable":true,"href":"https:\/\/xn--frsteskridt-ggb.dk\/index.php\/wp-json\/wp\/v2\/users\/1"}],"replies":[{"embeddable":true,"href":"https:\/\/xn--frsteskridt-ggb.dk\/index.php\/wp-json\/wp\/v2\/comments?post=322"}],"version-history":[{"count":82,"href":"https:\/\/xn--frsteskridt-ggb.dk\/index.php\/wp-json\/wp\/v2\/pages\/322\/revisions"}],"predecessor-version":[{"id":1292,"href":"https:\/\/xn--frsteskridt-ggb.dk\/index.php\/wp-json\/wp\/v2\/pages\/322\/revisions\/1292"}],"wp:attachment":[{"href":"https:\/\/xn--frsteskridt-ggb.dk\/index.php\/wp-json\/wp\/v2\/media?parent=322"}],"curies":[{"name":"wp","href":"https:\/\/api.w.org\/{rel}","templated":true}]}}